{"id":366,"date":"2024-10-23T15:45:19","date_gmt":"2024-10-23T15:45:19","guid":{"rendered":"http:\/\/elalto.com.co\/home\/"},"modified":"2025-03-18T04:54:44","modified_gmt":"2025-03-18T04:54:44","slug":"home","status":"publish","type":"page","link":"https:\/\/elalto.com.co\/en\/","title":{"rendered":"Hotel Villa antioquia"},"content":{"rendered":"<h1 class=\"wp-block-heading\">Hotel Villa Antioque\u00f1a El Alto del Chocho<\/h1>\n\n<p><em>Hotel Villa Antioque\u00f1a: Donde las tradiciones paisas y la naturaleza se funden para crear recuerdos inolvidables.<\/em><\/p>\n\n<p>Ubicado en una zona privilegiada que combina clima templado, vistas espectaculares y f\u00e1cil acceso desde los principales centros urbanos, El Alto del Chocho representa uno de los tesoros mejor guardados de la geograf\u00eda antioque\u00f1a, y el Hotel Villa Antioque\u00f1a se erige como la puerta de entrada ideal para descubrirlo.<\/p>\n\n<p>\u00a0<\/p>\n\t\t\n\t\t\t\t\t<h2>Ubicaci\u00f3n Hotel Villa Antioque\u00f1a El Alto del Chocho<\/h2>\t\t\t\t\n\t\t\t<iframe loading=\"lazy\"\n\t\t\t\t\tsrc=\"https:\/\/maps.google.com\/maps?q=Villa%20Antioque%C3%B1a&#038;t=m&#038;z=14&#038;output=embed&#038;iwloc=near\"\n\t\t\t\t\ttitle=\"Villa Antioque\u00f1a\"\n\t\t\t\t\taria-label=\"Villa Antioque\u00f1a\"\n\t\t\t><\/iframe>\n\t\t\t<figure class='gallery-item'>\n\t\t\t\t<a data-elementor-open-lightbox=\"yes\" data-elementor-lightbox-slideshow=\"7eefe84\" data-elementor-lightbox-title=\"IMG-20250317-WA0011\" data-e-action-hash=\"#elementor-action%3Aaction%3Dlightbox%26settings%3DeyJpZCI6MjAyMiwidXJsIjoiaHR0cHM6XC9cL2VsYWx0by5jb20uY29cL3dwLWNvbnRlbnRcL3VwbG9hZHNcLzIwMjVcLzAzXC9JTUctMjAyNTAzMTctV0EwMDExLmpwZyIsInNsaWRlc2hvdyI6IjdlZWZlODQifQ%3D%3D\" href='https:\/\/elalto.com.co\/wp-content\/uploads\/2025\/03\/IMG-20250317-WA0011.jpg'><img width=\"150\" height=\"150\" src=\"https:\/\/elalto.com.co\/wp-content\/uploads\/2025\/03\/IMG-20250317-WA0011-150x150.jpg\" alt=\"\" decoding=\"async\" sizes=\"100vw\" \/><\/a>\n\t\t\t<\/figure><figure class='gallery-item'>\n\t\t\t\t<a data-elementor-open-lightbox=\"yes\" data-elementor-lightbox-slideshow=\"7eefe84\" data-elementor-lightbox-title=\"IMG-20250317-WA0012\" data-e-action-hash=\"#elementor-action%3Aaction%3Dlightbox%26settings%3DeyJpZCI6MjAyMywidXJsIjoiaHR0cHM6XC9cL2VsYWx0by5jb20uY29cL3dwLWNvbnRlbnRcL3VwbG9hZHNcLzIwMjVcLzAzXC9JTUctMjAyNTAzMTctV0EwMDEyLmpwZyIsInNsaWRlc2hvdyI6IjdlZWZlODQifQ%3D%3D\" href='https:\/\/elalto.com.co\/wp-content\/uploads\/2025\/03\/IMG-20250317-WA0012.jpg'><img width=\"150\" height=\"150\" src=\"https:\/\/elalto.com.co\/wp-content\/uploads\/2025\/03\/IMG-20250317-WA0012-150x150.jpg\" alt=\"\" decoding=\"async\" sizes=\"100vw\" \/><\/a>\n\t\t\t<\/figure><figure class='gallery-item'>\n\t\t\t\t<a data-elementor-open-lightbox=\"yes\" data-elementor-lightbox-slideshow=\"7eefe84\" data-elementor-lightbox-title=\"IMG-20250317-WA0013\" data-e-action-hash=\"#elementor-action%3Aaction%3Dlightbox%26settings%3DeyJpZCI6MjAyNCwidXJsIjoiaHR0cHM6XC9cL2VsYWx0by5jb20uY29cL3dwLWNvbnRlbnRcL3VwbG9hZHNcLzIwMjVcLzAzXC9JTUctMjAyNTAzMTctV0EwMDEzLmpwZyIsInNsaWRlc2hvdyI6IjdlZWZlODQifQ%3D%3D\" href='https:\/\/elalto.com.co\/wp-content\/uploads\/2025\/03\/IMG-20250317-WA0013.jpg'><img width=\"150\" height=\"150\" src=\"https:\/\/elalto.com.co\/wp-content\/uploads\/2025\/03\/IMG-20250317-WA0013-150x150.jpg\" alt=\"\" decoding=\"async\" sizes=\"100vw\" \/><\/a>\n\t\t\t<\/figure><figure class='gallery-item'>\n\t\t\t\t<a data-elementor-open-lightbox=\"yes\" data-elementor-lightbox-slideshow=\"7eefe84\" data-elementor-lightbox-title=\"IMG-20250317-WA0014\" data-e-action-hash=\"#elementor-action%3Aaction%3Dlightbox%26settings%3DeyJpZCI6MjAyNSwidXJsIjoiaHR0cHM6XC9cL2VsYWx0by5jb20uY29cL3dwLWNvbnRlbnRcL3VwbG9hZHNcLzIwMjVcLzAzXC9JTUctMjAyNTAzMTctV0EwMDE0LmpwZyIsInNsaWRlc2hvdyI6IjdlZWZlODQifQ%3D%3D\" href='https:\/\/elalto.com.co\/wp-content\/uploads\/2025\/03\/IMG-20250317-WA0014.jpg'><img loading=\"lazy\" width=\"150\" height=\"150\" src=\"https:\/\/elalto.com.co\/wp-content\/uploads\/2025\/03\/IMG-20250317-WA0014-150x150.jpg\" alt=\"\" decoding=\"async\" sizes=\"100vw\" \/><\/a>\n\t\t\t<\/figure><figure class='gallery-item'>\n\t\t\t\t<a data-elementor-open-lightbox=\"yes\" data-elementor-lightbox-slideshow=\"7eefe84\" data-elementor-lightbox-title=\"IMG-20250317-WA0015\" data-e-action-hash=\"#elementor-action%3Aaction%3Dlightbox%26settings%3DeyJpZCI6MjAyNiwidXJsIjoiaHR0cHM6XC9cL2VsYWx0by5jb20uY29cL3dwLWNvbnRlbnRcL3VwbG9hZHNcLzIwMjVcLzAzXC9JTUctMjAyNTAzMTctV0EwMDE1LmpwZyIsInNsaWRlc2hvdyI6IjdlZWZlODQifQ%3D%3D\" href='https:\/\/elalto.com.co\/wp-content\/uploads\/2025\/03\/IMG-20250317-WA0015.jpg'><img loading=\"lazy\" width=\"150\" height=\"150\" src=\"https:\/\/elalto.com.co\/wp-content\/uploads\/2025\/03\/IMG-20250317-WA0015-150x150.jpg\" alt=\"\" decoding=\"async\" sizes=\"100vw\" \/><\/a>\n\t\t\t<\/figure><figure class='gallery-item'>\n\t\t\t\t<a data-elementor-open-lightbox=\"yes\" data-elementor-lightbox-slideshow=\"7eefe84\" data-elementor-lightbox-title=\"IMG-20250317-WA0016\" data-e-action-hash=\"#elementor-action%3Aaction%3Dlightbox%26settings%3DeyJpZCI6MjAyNywidXJsIjoiaHR0cHM6XC9cL2VsYWx0by5jb20uY29cL3dwLWNvbnRlbnRcL3VwbG9hZHNcLzIwMjVcLzAzXC9JTUctMjAyNTAzMTctV0EwMDE2LmpwZyIsInNsaWRlc2hvdyI6IjdlZWZlODQifQ%3D%3D\" href='https:\/\/elalto.com.co\/wp-content\/uploads\/2025\/03\/IMG-20250317-WA0016.jpg'><img loading=\"lazy\" width=\"150\" height=\"150\" src=\"https:\/\/elalto.com.co\/wp-content\/uploads\/2025\/03\/IMG-20250317-WA0016-150x150.jpg\" alt=\"\" decoding=\"async\" sizes=\"100vw\" \/><\/a>\n\t\t\t<\/figure><figure class='gallery-item'>\n\t\t\t\t<a data-elementor-open-lightbox=\"yes\" data-elementor-lightbox-slideshow=\"7eefe84\" data-elementor-lightbox-title=\"IMG-20250317-WA0017\" data-e-action-hash=\"#elementor-action%3Aaction%3Dlightbox%26settings%3DeyJpZCI6MjAyOCwidXJsIjoiaHR0cHM6XC9cL2VsYWx0by5jb20uY29cL3dwLWNvbnRlbnRcL3VwbG9hZHNcLzIwMjVcLzAzXC9JTUctMjAyNTAzMTctV0EwMDE3LmpwZyIsInNsaWRlc2hvdyI6IjdlZWZlODQifQ%3D%3D\" href='https:\/\/elalto.com.co\/wp-content\/uploads\/2025\/03\/IMG-20250317-WA0017.jpg'><img loading=\"lazy\" width=\"150\" height=\"150\" src=\"https:\/\/elalto.com.co\/wp-content\/uploads\/2025\/03\/IMG-20250317-WA0017-150x150.jpg\" alt=\"\" decoding=\"async\" sizes=\"100vw\" \/><\/a>\n\t\t\t<\/figure><figure class='gallery-item'>\n\t\t\t\t<a data-elementor-open-lightbox=\"yes\" data-elementor-lightbox-slideshow=\"7eefe84\" data-elementor-lightbox-title=\"IMG-20250317-WA0024\" data-e-action-hash=\"#elementor-action%3Aaction%3Dlightbox%26settings%3DeyJpZCI6MjAzNSwidXJsIjoiaHR0cHM6XC9cL2VsYWx0by5jb20uY29cL3dwLWNvbnRlbnRcL3VwbG9hZHNcLzIwMjVcLzAzXC9JTUctMjAyNTAzMTctV0EwMDI0LmpwZyIsInNsaWRlc2hvdyI6IjdlZWZlODQifQ%3D%3D\" href='https:\/\/elalto.com.co\/wp-content\/uploads\/2025\/03\/IMG-20250317-WA0024.jpg'><img loading=\"lazy\" width=\"150\" height=\"150\" src=\"https:\/\/elalto.com.co\/wp-content\/uploads\/2025\/03\/IMG-20250317-WA0024-150x150.jpg\" alt=\"\" decoding=\"async\" sizes=\"100vw\" \/><\/a>\n\t\t\t<\/figure><figure class='gallery-item'>\n\t\t\t\t<a data-elementor-open-lightbox=\"yes\" data-elementor-lightbox-slideshow=\"7eefe84\" data-elementor-lightbox-title=\"IMG-20250317-WA0025\" data-e-action-hash=\"#elementor-action%3Aaction%3Dlightbox%26settings%3DeyJpZCI6MjAzNiwidXJsIjoiaHR0cHM6XC9cL2VsYWx0by5jb20uY29cL3dwLWNvbnRlbnRcL3VwbG9hZHNcLzIwMjVcLzAzXC9JTUctMjAyNTAzMTctV0EwMDI1LmpwZyIsInNsaWRlc2hvdyI6IjdlZWZlODQifQ%3D%3D\" href='https:\/\/elalto.com.co\/wp-content\/uploads\/2025\/03\/IMG-20250317-WA0025.jpg'><img loading=\"lazy\" width=\"150\" height=\"150\" src=\"https:\/\/elalto.com.co\/wp-content\/uploads\/2025\/03\/IMG-20250317-WA0025-150x150.jpg\" alt=\"\" decoding=\"async\" sizes=\"100vw\" \/><\/a>\n\t\t\t<\/figure><figure class='gallery-item'>\n\t\t\t\t<a data-elementor-open-lightbox=\"yes\" data-elementor-lightbox-slideshow=\"7eefe84\" data-elementor-lightbox-title=\"IMG-20250317-WA0027\" data-e-action-hash=\"#elementor-action%3Aaction%3Dlightbox%26settings%3DeyJpZCI6MjAzNywidXJsIjoiaHR0cHM6XC9cL2VsYWx0by5jb20uY29cL3dwLWNvbnRlbnRcL3VwbG9hZHNcLzIwMjVcLzAzXC9JTUctMjAyNTAzMTctV0EwMDI3LmpwZyIsInNsaWRlc2hvdyI6IjdlZWZlODQifQ%3D%3D\" href='https:\/\/elalto.com.co\/wp-content\/uploads\/2025\/03\/IMG-20250317-WA0027.jpg'><img loading=\"lazy\" width=\"150\" height=\"150\" src=\"https:\/\/elalto.com.co\/wp-content\/uploads\/2025\/03\/IMG-20250317-WA0027-150x150.jpg\" alt=\"\" decoding=\"async\" sizes=\"100vw\" \/><\/a>\n\t\t\t<\/figure><figure class='gallery-item'>\n\t\t\t\t<a data-elementor-open-lightbox=\"yes\" data-elementor-lightbox-slideshow=\"7eefe84\" data-elementor-lightbox-title=\"IMG-20250317-WA0028\" data-e-action-hash=\"#elementor-action%3Aaction%3Dlightbox%26settings%3DeyJpZCI6MjAzOCwidXJsIjoiaHR0cHM6XC9cL2VsYWx0by5jb20uY29cL3dwLWNvbnRlbnRcL3VwbG9hZHNcLzIwMjVcLzAzXC9JTUctMjAyNTAzMTctV0EwMDI4LmpwZyIsInNsaWRlc2hvdyI6IjdlZWZlODQifQ%3D%3D\" href='https:\/\/elalto.com.co\/wp-content\/uploads\/2025\/03\/IMG-20250317-WA0028.jpg'><img loading=\"lazy\" width=\"150\" height=\"150\" src=\"https:\/\/elalto.com.co\/wp-content\/uploads\/2025\/03\/IMG-20250317-WA0028-150x150.jpg\" alt=\"\" decoding=\"async\" sizes=\"100vw\" \/><\/a>\n\t\t\t<\/figure><figure class='gallery-item'>\n\t\t\t\t<a data-elementor-open-lightbox=\"yes\" data-elementor-lightbox-slideshow=\"7eefe84\" data-elementor-lightbox-title=\"IMG-20250317-WA0029\" data-e-action-hash=\"#elementor-action%3Aaction%3Dlightbox%26settings%3DeyJpZCI6MjAzOSwidXJsIjoiaHR0cHM6XC9cL2VsYWx0by5jb20uY29cL3dwLWNvbnRlbnRcL3VwbG9hZHNcLzIwMjVcLzAzXC9JTUctMjAyNTAzMTctV0EwMDI5LmpwZyIsInNsaWRlc2hvdyI6IjdlZWZlODQifQ%3D%3D\" href='https:\/\/elalto.com.co\/wp-content\/uploads\/2025\/03\/IMG-20250317-WA0029.jpg'><img loading=\"lazy\" width=\"150\" height=\"150\" src=\"https:\/\/elalto.com.co\/wp-content\/uploads\/2025\/03\/IMG-20250317-WA0029-150x150.jpg\" alt=\"\" decoding=\"async\" sizes=\"100vw\" \/><\/a>\n\t\t\t<\/figure>","protected":false},"excerpt":{"rendered":"<p>Hotel Villa Antioque\u00f1a El Alto del Chocho Hotel Villa Antioque\u00f1a: Donde las tradiciones paisas y la naturaleza se funden para crear recuerdos inolvidables. Ubicado en una zona privilegiada que combina clima templado, vistas espectaculares y f\u00e1cil acceso desde los principales centros urbanos, El Alto del Chocho representa uno de los tesoros mejor guardados de la &hellip; <\/p>\n<p class=\"link-more\"><a href=\"\" class=\"more-link\">Read more<span class=\"screen-reader-text\"> &#8220;&#8221;<\/span><\/a><\/p>","protected":false},"author":1,"featured_media":0,"parent":0,"menu_order":0,"comment_status":"closed","ping_status":"closed","template":"","meta":{"footnotes":""},"class_list":["post-366","page","type-page","status-publish","hentry"],"yoast_head":"<!-- This site is optimized with the Yoast SEO plugin v24.6 - https:\/\/yoast.com\/wordpress\/plugins\/seo\/ -->\n<title>Hotel Villa antioque\u00f1a - El alto del chocho \u2705<\/title>\n<meta name=\"description\" content=\"Encuentra el mejor hotel de Antioquia para encontrarte con la naturaleza, habitaciones c\u00f3modas, con el mejor servicio, confort y comodidad. \u2705\" \/>\n<meta name=\"robots\" content=\"index, follow, max-snippet:-1, max-image-preview:large, max-video-preview:-1\" \/>\n<link rel=\"canonical\" href=\"https:\/\/elalto.com.co\/en\/\" \/>\n<meta property=\"og:locale\" content=\"en_US\" \/>\n<meta property=\"og:type\" content=\"article\" \/>\n<meta property=\"og:title\" content=\"Hotel Villa antioque\u00f1a - El alto del chocho \u2705\" \/>\n<meta property=\"og:description\" content=\"Encuentra el mejor hotel de Antioquia para encontrarte con la naturaleza, habitaciones c\u00f3modas, con el mejor servicio, confort y comodidad. \u2705\" \/>\n<meta property=\"og:url\" content=\"https:\/\/elalto.com.co\/en\/\" \/>\n<meta property=\"article:modified_time\" content=\"2025-03-18T04:54:44+00:00\" \/>\n<meta property=\"og:image\" content=\"https:\/\/elalto.com.co\/wp-content\/uploads\/2025\/03\/IMG-20250317-WA0011-150x150.jpg\" \/>\n<meta name=\"twitter:card\" content=\"summary_large_image\" \/>\n<meta name=\"twitter:label1\" content=\"Est. reading time\" \/>\n\t<meta name=\"twitter:data1\" content=\"3 minutes\" \/>\n<script type=\"application\/ld+json\" class=\"yoast-schema-graph\">{\"@context\":\"https:\/\/schema.org\",\"@graph\":[{\"@type\":\"WebPage\",\"@id\":\"https:\/\/elalto.com.co\/\",\"url\":\"https:\/\/elalto.com.co\/\",\"name\":\"Hotel Villa antioque\u00f1a - El alto del chocho \u2705\",\"isPartOf\":{\"@id\":\"https:\/\/elalto.com.co\/#website\"},\"primaryImageOfPage\":{\"@id\":\"https:\/\/elalto.com.co\/#primaryimage\"},\"image\":{\"@id\":\"https:\/\/elalto.com.co\/#primaryimage\"},\"thumbnailUrl\":\"https:\/\/elalto.com.co\/wp-content\/uploads\/2025\/03\/IMG-20250317-WA0011-150x150.jpg\",\"datePublished\":\"2024-10-23T15:45:19+00:00\",\"dateModified\":\"2025-03-18T04:54:44+00:00\",\"description\":\"Encuentra el mejor hotel de Antioquia para encontrarte con la naturaleza, habitaciones c\u00f3modas, con el mejor servicio, confort y comodidad. \u2705\",\"breadcrumb\":{\"@id\":\"https:\/\/elalto.com.co\/#breadcrumb\"},\"inLanguage\":\"en-US\",\"potentialAction\":[{\"@type\":\"ReadAction\",\"target\":[\"https:\/\/elalto.com.co\/\"]}]},{\"@type\":\"ImageObject\",\"inLanguage\":\"en-US\",\"@id\":\"https:\/\/elalto.com.co\/#primaryimage\",\"url\":\"https:\/\/elalto.com.co\/wp-content\/uploads\/2025\/03\/IMG-20250317-WA0011-150x150.jpg\",\"contentUrl\":\"https:\/\/elalto.com.co\/wp-content\/uploads\/2025\/03\/IMG-20250317-WA0011-150x150.jpg\"},{\"@type\":\"BreadcrumbList\",\"@id\":\"https:\/\/elalto.com.co\/#breadcrumb\",\"itemListElement\":[{\"@type\":\"ListItem\",\"position\":1,\"name\":\"Inicio\",\"item\":\"https:\/\/elalto.com.co\/\"},{\"@type\":\"ListItem\",\"position\":2,\"name\":\"Hotel Villa antioque\u00f1a\"}]},{\"@type\":\"WebSite\",\"@id\":\"https:\/\/elalto.com.co\/#website\",\"url\":\"https:\/\/elalto.com.co\/\",\"name\":\"\",\"description\":\"\",\"potentialAction\":[{\"@type\":\"SearchAction\",\"target\":{\"@type\":\"EntryPoint\",\"urlTemplate\":\"https:\/\/elalto.com.co\/?s={search_term_string}\"},\"query-input\":{\"@type\":\"PropertyValueSpecification\",\"valueRequired\":true,\"valueName\":\"search_term_string\"}}],\"inLanguage\":\"en-US\"}]}<\/script>\n<!-- \/ Yoast SEO plugin. -->","yoast_head_json":{"title":"Hotel Villa antioque\u00f1a - El alto del chocho \u2705","description":"Encuentra el mejor hotel de Antioquia para encontrarte con la naturaleza, habitaciones c\u00f3modas, con el mejor servicio, confort y comodidad. \u2705","robots":{"index":"index","follow":"follow","max-snippet":"max-snippet:-1","max-image-preview":"max-image-preview:large","max-video-preview":"max-video-preview:-1"},"canonical":"https:\/\/elalto.com.co\/en\/","og_locale":"en_US","og_type":"article","og_title":"Hotel Villa antioque\u00f1a - El alto del chocho \u2705","og_description":"Encuentra el mejor hotel de Antioquia para encontrarte con la naturaleza, habitaciones c\u00f3modas, con el mejor servicio, confort y comodidad. \u2705","og_url":"https:\/\/elalto.com.co\/en\/","article_modified_time":"2025-03-18T04:54:44+00:00","og_image":[{"url":"https:\/\/elalto.com.co\/wp-content\/uploads\/2025\/03\/IMG-20250317-WA0011-150x150.jpg","type":"","width":"","height":""}],"twitter_card":"summary_large_image","twitter_misc":{"Est. reading time":"3 minutes"},"schema":{"@context":"https:\/\/schema.org","@graph":[{"@type":"WebPage","@id":"https:\/\/elalto.com.co\/","url":"https:\/\/elalto.com.co\/","name":"Hotel Villa antioque\u00f1a - El alto del chocho \u2705","isPartOf":{"@id":"https:\/\/elalto.com.co\/#website"},"primaryImageOfPage":{"@id":"https:\/\/elalto.com.co\/#primaryimage"},"image":{"@id":"https:\/\/elalto.com.co\/#primaryimage"},"thumbnailUrl":"https:\/\/elalto.com.co\/wp-content\/uploads\/2025\/03\/IMG-20250317-WA0011-150x150.jpg","datePublished":"2024-10-23T15:45:19+00:00","dateModified":"2025-03-18T04:54:44+00:00","description":"Encuentra el mejor hotel de Antioquia para encontrarte con la naturaleza, habitaciones c\u00f3modas, con el mejor servicio, confort y comodidad. \u2705","breadcrumb":{"@id":"https:\/\/elalto.com.co\/#breadcrumb"},"inLanguage":"en-US","potentialAction":[{"@type":"ReadAction","target":["https:\/\/elalto.com.co\/"]}]},{"@type":"ImageObject","inLanguage":"en-US","@id":"https:\/\/elalto.com.co\/#primaryimage","url":"https:\/\/elalto.com.co\/wp-content\/uploads\/2025\/03\/IMG-20250317-WA0011-150x150.jpg","contentUrl":"https:\/\/elalto.com.co\/wp-content\/uploads\/2025\/03\/IMG-20250317-WA0011-150x150.jpg"},{"@type":"BreadcrumbList","@id":"https:\/\/elalto.com.co\/#breadcrumb","itemListElement":[{"@type":"ListItem","position":1,"name":"Inicio","item":"https:\/\/elalto.com.co\/"},{"@type":"ListItem","position":2,"name":"Hotel Villa antioque\u00f1a"}]},{"@type":"WebSite","@id":"https:\/\/elalto.com.co\/#website","url":"https:\/\/elalto.com.co\/","name":"","description":"","potentialAction":[{"@type":"SearchAction","target":{"@type":"EntryPoint","urlTemplate":"https:\/\/elalto.com.co\/?s={search_term_string}"},"query-input":{"@type":"PropertyValueSpecification","valueRequired":true,"valueName":"search_term_string"}}],"inLanguage":"en-US"}]}},"_links":{"self":[{"href":"https:\/\/elalto.com.co\/en\/wp-json\/wp\/v2\/pages\/366","targetHints":{"allow":["GET"]}}],"collection":[{"href":"https:\/\/elalto.com.co\/en\/wp-json\/wp\/v2\/pages"}],"about":[{"href":"https:\/\/elalto.com.co\/en\/wp-json\/wp\/v2\/types\/page"}],"author":[{"embeddable":true,"href":"https:\/\/elalto.com.co\/en\/wp-json\/wp\/v2\/users\/1"}],"replies":[{"embeddable":true,"href":"https:\/\/elalto.com.co\/en\/wp-json\/wp\/v2\/comments?post=366"}],"version-history":[{"count":37,"href":"https:\/\/elalto.com.co\/en\/wp-json\/wp\/v2\/pages\/366\/revisions"}],"predecessor-version":[{"id":2043,"href":"https:\/\/elalto.com.co\/en\/wp-json\/wp\/v2\/pages\/366\/revisions\/2043"}],"wp:attachment":[{"href":"https:\/\/elalto.com.co\/en\/wp-json\/wp\/v2\/media?parent=366"}],"curies":[{"name":"wp","href":"https:\/\/api.w.org\/{rel}","templated":true}]}}