{"id":368,"date":"2024-10-23T15:45:19","date_gmt":"2024-10-23T15:45:19","guid":{"rendered":"http:\/\/elalto.com.co\/about-us\/"},"modified":"2025-03-22T01:02:41","modified_gmt":"2025-03-22T01:02:41","slug":"sobre-nosotros","status":"publish","type":"page","link":"https:\/\/elalto.com.co\/en\/sobre-nosotros\/","title":{"rendered":"Villa Antioque\u00f1a"},"content":{"rendered":"<h2 class=\"wp-block-heading\">Un Refugio de Tradici\u00f3n y Descanso<\/h2>\n\n\n\n<p>Villa Antioque\u00f1a no es solo un hotel, es un viaje al coraz\u00f3n de la cultura antioque\u00f1a, ubicado en el pintoresco municipio de Marinilla, en el sector del Alto del Chocho. Inspirado en la c\u00e1lida y acogedora casa de la abuela, este destino representa m\u00e1s que un lugar para hospedarse: es una experiencia que rescata y celebra las ra\u00edces y costumbres tradicionales Antioque\u00f1as.<\/p>\n\n\n\n<figure class=\"wp-block-image alignwide size-large\"><img fetchpriority=\"high\" decoding=\"async\" width=\"1536\" height=\"864\" src=\"https:\/\/elalto.com.co\/wp-content\/uploads\/2025\/03\/IMG-20250319-WA0034-edited.jpg\" alt=\"\" class=\"wp-image-2091\" srcset=\"https:\/\/elalto.com.co\/wp-content\/uploads\/2025\/03\/IMG-20250319-WA0034-edited.jpg 1536w, https:\/\/elalto.com.co\/wp-content\/uploads\/2025\/03\/IMG-20250319-WA0034-edited-300x169.jpg 300w, https:\/\/elalto.com.co\/wp-content\/uploads\/2025\/03\/IMG-20250319-WA0034-edited-1024x576.jpg 1024w, https:\/\/elalto.com.co\/wp-content\/uploads\/2025\/03\/IMG-20250319-WA0034-edited-18x10.jpg 18w, https:\/\/elalto.com.co\/wp-content\/uploads\/2025\/03\/IMG-20250319-WA0034-edited-600x338.jpg 600w\" sizes=\"(max-width: 1536px) 100vw, 1536px\" \/><\/figure>\n\n\n\n<h2 class=\"wp-block-heading\">Nuestra Esencia<\/h2>\n\n\n\n<p>Villa Antioque\u00f1a cuenta con 6 habitaciones \u00fanicas, cada una inspirada en seis municipios emblem\u00e1ticos del departamento de Antioquia: Jeric\u00f3, Jard\u00edn, Medell\u00edn, Santa Fe de Antioquia, Marinilla y Cisneros. Cada habitaci\u00f3n es un viaje que te transporta a la esencia de estos lugares extraordinarios, permiti\u00e9ndote vivir y sentir las costumbres m\u00e1s representativas de cada municipio.<\/p>\n\n\n\n<p>Cada rinc\u00f3n de nuestro hotel est\u00e1 dise\u00f1ado para llevar a nuestros hu\u00e9spedes a un recorrido por la rica tradici\u00f3n antioque\u00f1a. Hemos conservado la arquitectura, los detalles y el esp\u00edritu de las casas tradicionales, creando un ambiente que evoca nostalgia y autenticidad. Las habitaciones no son simples espacios para descansar, son experiencias culturales que te sumergen en la historia y el encanto Antioque\u00f1o<\/p>\n\n\n\n<figure class=\"wp-block-image alignwide size-large\"><img decoding=\"async\" width=\"906\" height=\"510\" src=\"https:\/\/elalto.com.co\/wp-content\/uploads\/2025\/03\/IMG-20250317-WA0013-edited.jpg\" alt=\"\" class=\"wp-image-2092\" srcset=\"https:\/\/elalto.com.co\/wp-content\/uploads\/2025\/03\/IMG-20250317-WA0013-edited.jpg 906w, https:\/\/elalto.com.co\/wp-content\/uploads\/2025\/03\/IMG-20250317-WA0013-edited-300x169.jpg 300w, https:\/\/elalto.com.co\/wp-content\/uploads\/2025\/03\/IMG-20250317-WA0013-edited-18x10.jpg 18w\" sizes=\"(max-width: 906px) 100vw, 906px\" \/><\/figure>\n\n\n\n<p><\/p>\n\n\n\n<h2 class=\"wp-block-heading\">Descanso y Paisaje <\/h2>\n\n\n\n<p>Ubicados en un entorno privilegiado, nuestro hotel ofrece a los visitantes la oportunidad de desconectar, respirar aire puro y disfrutar de un clima incomparable. El paisaje que nos rodea se convierte en el mejor complemento para una estancia relajante, donde la naturaleza y la tradici\u00f3n se fusionan para crear momentos \u00fanicos e inolvidables.<\/p>\n\n\n\n<figure class=\"wp-block-gallery has-nested-images columns-default is-cropped wp-block-gallery-1 is-layout-flex wp-block-gallery-is-layout-flex\">\n<figure class=\"wp-block-image size-large\"><img decoding=\"async\" width=\"768\" height=\"1024\" data-id=\"2086\" src=\"https:\/\/elalto.com.co\/wp-content\/uploads\/2025\/03\/IMG-20250319-WA0048-1-768x1024.jpg\" alt=\"\" class=\"wp-image-2086\" srcset=\"https:\/\/elalto.com.co\/wp-content\/uploads\/2025\/03\/IMG-20250319-WA0048-1-768x1024.jpg 768w, https:\/\/elalto.com.co\/wp-content\/uploads\/2025\/03\/IMG-20250319-WA0048-1-225x300.jpg 225w, https:\/\/elalto.com.co\/wp-content\/uploads\/2025\/03\/IMG-20250319-WA0048-1-9x12.jpg 9w, https:\/\/elalto.com.co\/wp-content\/uploads\/2025\/03\/IMG-20250319-WA0048-1.jpg 1500w\" sizes=\"(max-width: 768px) 100vw, 768px\" \/><\/figure>\n\n\n\n<figure class=\"wp-block-image size-large\"><img loading=\"lazy\" decoding=\"async\" width=\"1024\" height=\"768\" data-id=\"2074\" src=\"https:\/\/elalto.com.co\/wp-content\/uploads\/2025\/03\/IMG-20250319-WA0036-1-1024x768.jpg\" alt=\"\" class=\"wp-image-2074\" srcset=\"https:\/\/elalto.com.co\/wp-content\/uploads\/2025\/03\/IMG-20250319-WA0036-1-1024x768.jpg 1024w, https:\/\/elalto.com.co\/wp-content\/uploads\/2025\/03\/IMG-20250319-WA0036-1-300x225.jpg 300w, https:\/\/elalto.com.co\/wp-content\/uploads\/2025\/03\/IMG-20250319-WA0036-1-16x12.jpg 16w, https:\/\/elalto.com.co\/wp-content\/uploads\/2025\/03\/IMG-20250319-WA0036-1.jpg 2000w\" sizes=\"(max-width: 1024px) 100vw, 1024px\" \/><\/figure>\n\n\n\n<figure class=\"wp-block-image size-large\"><img loading=\"lazy\" decoding=\"async\" width=\"1024\" height=\"626\" data-id=\"2046\" src=\"https:\/\/elalto.com.co\/wp-content\/uploads\/2025\/03\/cropped-IMG-20250317-WA0025-1024x626.jpg\" alt=\"\" class=\"wp-image-2046\" srcset=\"https:\/\/elalto.com.co\/wp-content\/uploads\/2025\/03\/cropped-IMG-20250317-WA0025-1024x626.jpg 1024w, https:\/\/elalto.com.co\/wp-content\/uploads\/2025\/03\/cropped-IMG-20250317-WA0025-300x183.jpg 300w, https:\/\/elalto.com.co\/wp-content\/uploads\/2025\/03\/cropped-IMG-20250317-WA0025-18x12.jpg 18w, https:\/\/elalto.com.co\/wp-content\/uploads\/2025\/03\/cropped-IMG-20250317-WA0025.jpg 2000w\" sizes=\"(max-width: 1024px) 100vw, 1024px\" \/><\/figure>\n\n\n\n<figure class=\"wp-block-image size-large\"><img loading=\"lazy\" decoding=\"async\" width=\"1024\" height=\"768\" data-id=\"2051\" src=\"https:\/\/elalto.com.co\/wp-content\/uploads\/2025\/03\/IMG-20250319-WA0035-1024x768.jpg\" alt=\"\" class=\"wp-image-2051\" srcset=\"https:\/\/elalto.com.co\/wp-content\/uploads\/2025\/03\/IMG-20250319-WA0035-1024x768.jpg 1024w, https:\/\/elalto.com.co\/wp-content\/uploads\/2025\/03\/IMG-20250319-WA0035-300x225.jpg 300w, https:\/\/elalto.com.co\/wp-content\/uploads\/2025\/03\/IMG-20250319-WA0035-2000x1500.jpg 2000w, https:\/\/elalto.com.co\/wp-content\/uploads\/2025\/03\/IMG-20250319-WA0035-16x12.jpg 16w, https:\/\/elalto.com.co\/wp-content\/uploads\/2025\/03\/IMG-20250319-WA0035.jpg 2048w\" sizes=\"(max-width: 1024px) 100vw, 1024px\" \/><\/figure>\n\n\n\n<figure class=\"wp-block-image size-large\"><img loading=\"lazy\" decoding=\"async\" width=\"768\" height=\"1024\" data-id=\"2054\" src=\"https:\/\/elalto.com.co\/wp-content\/uploads\/2025\/03\/IMG-20250319-WA0038-768x1024.jpg\" alt=\"\" class=\"wp-image-2054\" srcset=\"https:\/\/elalto.com.co\/wp-content\/uploads\/2025\/03\/IMG-20250319-WA0038-768x1024.jpg 768w, https:\/\/elalto.com.co\/wp-content\/uploads\/2025\/03\/IMG-20250319-WA0038-225x300.jpg 225w, https:\/\/elalto.com.co\/wp-content\/uploads\/2025\/03\/IMG-20250319-WA0038-9x12.jpg 9w, https:\/\/elalto.com.co\/wp-content\/uploads\/2025\/03\/IMG-20250319-WA0038.jpg 1500w\" sizes=\"(max-width: 768px) 100vw, 768px\" \/><\/figure>\n\n\n\n<figure class=\"wp-block-image size-large\"><img loading=\"lazy\" decoding=\"async\" width=\"768\" height=\"1024\" data-id=\"2061\" src=\"https:\/\/elalto.com.co\/wp-content\/uploads\/2025\/03\/IMG-20250319-WA0044-768x1024.jpg\" alt=\"\" class=\"wp-image-2061\" srcset=\"https:\/\/elalto.com.co\/wp-content\/uploads\/2025\/03\/IMG-20250319-WA0044-768x1024.jpg 768w, https:\/\/elalto.com.co\/wp-content\/uploads\/2025\/03\/IMG-20250319-WA0044-225x300.jpg 225w, https:\/\/elalto.com.co\/wp-content\/uploads\/2025\/03\/IMG-20250319-WA0044-9x12.jpg 9w, https:\/\/elalto.com.co\/wp-content\/uploads\/2025\/03\/IMG-20250319-WA0044-600x800.jpg 600w, https:\/\/elalto.com.co\/wp-content\/uploads\/2025\/03\/IMG-20250319-WA0044.jpg 1500w\" sizes=\"(max-width: 768px) 100vw, 768px\" \/><\/figure>\n\n\n\n<figure class=\"wp-block-image size-large\"><img loading=\"lazy\" decoding=\"async\" width=\"1024\" height=\"683\" data-id=\"2026\" src=\"https:\/\/elalto.com.co\/wp-content\/uploads\/2025\/03\/IMG-20250317-WA0015-1024x683.jpg\" alt=\"\" class=\"wp-image-2026\" srcset=\"https:\/\/elalto.com.co\/wp-content\/uploads\/2025\/03\/IMG-20250317-WA0015-1024x683.jpg 1024w, https:\/\/elalto.com.co\/wp-content\/uploads\/2025\/03\/IMG-20250317-WA0015-300x200.jpg 300w, https:\/\/elalto.com.co\/wp-content\/uploads\/2025\/03\/IMG-20250317-WA0015-18x12.jpg 18w, https:\/\/elalto.com.co\/wp-content\/uploads\/2025\/03\/IMG-20250317-WA0015.jpg 1368w\" sizes=\"(max-width: 1024px) 100vw, 1024px\" \/><\/figure>\n\n\n\n<figure class=\"wp-block-image size-large\"><img loading=\"lazy\" decoding=\"async\" width=\"1024\" height=\"683\" data-id=\"2025\" src=\"https:\/\/elalto.com.co\/wp-content\/uploads\/2025\/03\/IMG-20250317-WA0014-1024x683.jpg\" alt=\"\" class=\"wp-image-2025\" srcset=\"https:\/\/elalto.com.co\/wp-content\/uploads\/2025\/03\/IMG-20250317-WA0014-1024x683.jpg 1024w, https:\/\/elalto.com.co\/wp-content\/uploads\/2025\/03\/IMG-20250317-WA0014-300x200.jpg 300w, https:\/\/elalto.com.co\/wp-content\/uploads\/2025\/03\/IMG-20250317-WA0014-18x12.jpg 18w, https:\/\/elalto.com.co\/wp-content\/uploads\/2025\/03\/IMG-20250317-WA0014.jpg 1368w\" sizes=\"(max-width: 1024px) 100vw, 1024px\" \/><\/figure>\n\n\n\n<figure class=\"wp-block-image size-large\"><img loading=\"lazy\" decoding=\"async\" width=\"1024\" height=\"576\" data-id=\"1995\" src=\"https:\/\/elalto.com.co\/wp-content\/uploads\/2025\/03\/DSC_7185-edited-1024x576.jpg\" alt=\"\" class=\"wp-image-1995\" srcset=\"https:\/\/elalto.com.co\/wp-content\/uploads\/2025\/03\/DSC_7185-edited-1024x576.jpg 1024w, https:\/\/elalto.com.co\/wp-content\/uploads\/2025\/03\/DSC_7185-edited-300x169.jpg 300w, https:\/\/elalto.com.co\/wp-content\/uploads\/2025\/03\/DSC_7185-edited-2000x1125.jpg 2000w, https:\/\/elalto.com.co\/wp-content\/uploads\/2025\/03\/DSC_7185-edited-scaled-1536x864.jpg 1536w, https:\/\/elalto.com.co\/wp-content\/uploads\/2025\/03\/DSC_7185-edited-scaled-2048x1152.jpg 2048w, https:\/\/elalto.com.co\/wp-content\/uploads\/2025\/03\/DSC_7185-edited-scaled-600x338.jpg 600w, https:\/\/elalto.com.co\/wp-content\/uploads\/2025\/03\/DSC_7185-edited-scaled-18x10.jpg 18w\" sizes=\"(max-width: 1024px) 100vw, 1024px\" \/><\/figure>\n\n\n\n<figure class=\"wp-block-image size-large\"><img loading=\"lazy\" decoding=\"async\" width=\"768\" height=\"1024\" data-id=\"2065\" src=\"https:\/\/elalto.com.co\/wp-content\/uploads\/2025\/03\/IMG-20250319-WA0048-768x1024.jpg\" alt=\"\" class=\"wp-image-2065\" srcset=\"https:\/\/elalto.com.co\/wp-content\/uploads\/2025\/03\/IMG-20250319-WA0048-768x1024.jpg 768w, https:\/\/elalto.com.co\/wp-content\/uploads\/2025\/03\/IMG-20250319-WA0048-225x300.jpg 225w, https:\/\/elalto.com.co\/wp-content\/uploads\/2025\/03\/IMG-20250319-WA0048-9x12.jpg 9w, https:\/\/elalto.com.co\/wp-content\/uploads\/2025\/03\/IMG-20250319-WA0048.jpg 1500w\" sizes=\"(max-width: 768px) 100vw, 768px\" \/><\/figure>\n\n\n\n<figure class=\"wp-block-image size-large\"><img loading=\"lazy\" decoding=\"async\" width=\"1024\" height=\"768\" data-id=\"2064\" src=\"https:\/\/elalto.com.co\/wp-content\/uploads\/2025\/03\/IMG-20250319-WA0047-1024x768.jpg\" alt=\"\" class=\"wp-image-2064\" srcset=\"https:\/\/elalto.com.co\/wp-content\/uploads\/2025\/03\/IMG-20250319-WA0047-1024x768.jpg 1024w, https:\/\/elalto.com.co\/wp-content\/uploads\/2025\/03\/IMG-20250319-WA0047-300x225.jpg 300w, https:\/\/elalto.com.co\/wp-content\/uploads\/2025\/03\/IMG-20250319-WA0047-16x12.jpg 16w, https:\/\/elalto.com.co\/wp-content\/uploads\/2025\/03\/IMG-20250319-WA0047.jpg 2000w\" sizes=\"(max-width: 1024px) 100vw, 1024px\" \/><\/figure>\n\n\n\n<figure class=\"wp-block-image size-large\"><img loading=\"lazy\" decoding=\"async\" width=\"1024\" height=\"768\" data-id=\"2075\" src=\"https:\/\/elalto.com.co\/wp-content\/uploads\/2025\/03\/IMG-20250319-WA0037-1-1024x768.jpg\" alt=\"\" class=\"wp-image-2075\" srcset=\"https:\/\/elalto.com.co\/wp-content\/uploads\/2025\/03\/IMG-20250319-WA0037-1-1024x768.jpg 1024w, https:\/\/elalto.com.co\/wp-content\/uploads\/2025\/03\/IMG-20250319-WA0037-1-300x225.jpg 300w, https:\/\/elalto.com.co\/wp-content\/uploads\/2025\/03\/IMG-20250319-WA0037-1-16x12.jpg 16w, https:\/\/elalto.com.co\/wp-content\/uploads\/2025\/03\/IMG-20250319-WA0037-1.jpg 2000w\" sizes=\"(max-width: 1024px) 100vw, 1024px\" \/><\/figure>\n\n\n\n<figure class=\"wp-block-image size-large\"><img loading=\"lazy\" decoding=\"async\" width=\"768\" height=\"1024\" data-id=\"2077\" src=\"https:\/\/elalto.com.co\/wp-content\/uploads\/2025\/03\/IMG-20250319-WA0039-1-768x1024.jpg\" alt=\"\" class=\"wp-image-2077\" srcset=\"https:\/\/elalto.com.co\/wp-content\/uploads\/2025\/03\/IMG-20250319-WA0039-1-768x1024.jpg 768w, https:\/\/elalto.com.co\/wp-content\/uploads\/2025\/03\/IMG-20250319-WA0039-1-225x300.jpg 225w, https:\/\/elalto.com.co\/wp-content\/uploads\/2025\/03\/IMG-20250319-WA0039-1-9x12.jpg 9w, https:\/\/elalto.com.co\/wp-content\/uploads\/2025\/03\/IMG-20250319-WA0039-1.jpg 1536w\" sizes=\"(max-width: 768px) 100vw, 768px\" \/><\/figure>\n<\/figure>","protected":false},"excerpt":{"rendered":"<p>Un Refugio de Tradici\u00f3n y Descanso Villa Antioque\u00f1a no es solo un hotel, es un viaje al coraz\u00f3n de la cultura antioque\u00f1a, ubicado en el pintoresco municipio de Marinilla, en el sector del Alto del Chocho. Inspirado en la c\u00e1lida y acogedora casa de la abuela, este destino representa m\u00e1s que un lugar para hospedarse: &hellip; <\/p>\n<p class=\"link-more\"><a href=\"https:\/\/elalto.com.co\/en\/sobre-nosotros\/\" class=\"more-link\">Read more<span class=\"screen-reader-text\"> &#8220;Villa Antioque\u00f1a&#8221;<\/span><\/a><\/p>","protected":false},"author":1,"featured_media":0,"parent":0,"menu_order":0,"comment_status":"closed","ping_status":"closed","template":"","meta":{"footnotes":""},"class_list":["post-368","page","type-page","status-publish","hentry"],"yoast_head":"<!-- This site is optimized with the Yoast SEO plugin v24.6 - https:\/\/yoast.com\/wordpress\/plugins\/seo\/ -->\n<title>Sobre Nosotros - Hotel Villa Antioque\u00f1a \u2705<\/title>\n<meta name=\"description\" content=\"Hotel Villa antioque\u00f1a cuenta con las habitaciones en Antioquia cerca del pe\u00f1ol para tener confort y una experiencia de descanso.\" \/>\n<meta name=\"robots\" content=\"index, follow, max-snippet:-1, max-image-preview:large, max-video-preview:-1\" \/>\n<link rel=\"canonical\" href=\"https:\/\/elalto.com.co\/en\/sobre-nosotros\/\" \/>\n<meta property=\"og:locale\" content=\"en_US\" \/>\n<meta property=\"og:type\" content=\"article\" \/>\n<meta property=\"og:title\" content=\"Sobre Nosotros - Hotel Villa Antioque\u00f1a \u2705\" \/>\n<meta property=\"og:description\" content=\"Hotel Villa antioque\u00f1a cuenta con las habitaciones en Antioquia cerca del pe\u00f1ol para tener confort y una experiencia de descanso.\" \/>\n<meta property=\"og:url\" content=\"https:\/\/elalto.com.co\/en\/sobre-nosotros\/\" \/>\n<meta property=\"article:modified_time\" content=\"2025-03-22T01:02:41+00:00\" \/>\n<meta property=\"og:image\" content=\"https:\/\/elalto.com.co\/wp-content\/uploads\/2025\/03\/IMG-20250319-WA0034-edited.jpg\" \/>\n\t<meta property=\"og:image:width\" content=\"1536\" \/>\n\t<meta property=\"og:image:height\" content=\"864\" \/>\n\t<meta property=\"og:image:type\" content=\"image\/jpeg\" \/>\n<meta name=\"twitter:card\" content=\"summary_large_image\" \/>\n<meta name=\"twitter:label1\" content=\"Est. reading time\" \/>\n\t<meta name=\"twitter:data1\" content=\"5 minutes\" \/>\n<script type=\"application\/ld+json\" class=\"yoast-schema-graph\">{\"@context\":\"https:\/\/schema.org\",\"@graph\":[{\"@type\":\"WebPage\",\"@id\":\"https:\/\/elalto.com.co\/sobre-nosotros\/\",\"url\":\"https:\/\/elalto.com.co\/sobre-nosotros\/\",\"name\":\"Sobre Nosotros - Hotel Villa Antioque\u00f1a \u2705\",\"isPartOf\":{\"@id\":\"https:\/\/elalto.com.co\/#website\"},\"primaryImageOfPage\":{\"@id\":\"https:\/\/elalto.com.co\/sobre-nosotros\/#primaryimage\"},\"image\":{\"@id\":\"https:\/\/elalto.com.co\/sobre-nosotros\/#primaryimage\"},\"thumbnailUrl\":\"https:\/\/elalto.com.co\/wp-content\/uploads\/2025\/03\/IMG-20250319-WA0034-edited.jpg\",\"datePublished\":\"2024-10-23T15:45:19+00:00\",\"dateModified\":\"2025-03-22T01:02:41+00:00\",\"description\":\"Hotel Villa antioque\u00f1a cuenta con las habitaciones en Antioquia cerca del pe\u00f1ol para tener confort y una experiencia de descanso.\",\"breadcrumb\":{\"@id\":\"https:\/\/elalto.com.co\/sobre-nosotros\/#breadcrumb\"},\"inLanguage\":\"en-US\",\"potentialAction\":[{\"@type\":\"ReadAction\",\"target\":[\"https:\/\/elalto.com.co\/sobre-nosotros\/\"]}]},{\"@type\":\"ImageObject\",\"inLanguage\":\"en-US\",\"@id\":\"https:\/\/elalto.com.co\/sobre-nosotros\/#primaryimage\",\"url\":\"https:\/\/elalto.com.co\/wp-content\/uploads\/2025\/03\/IMG-20250319-WA0034-edited.jpg\",\"contentUrl\":\"https:\/\/elalto.com.co\/wp-content\/uploads\/2025\/03\/IMG-20250319-WA0034-edited.jpg\"},{\"@type\":\"BreadcrumbList\",\"@id\":\"https:\/\/elalto.com.co\/sobre-nosotros\/#breadcrumb\",\"itemListElement\":[{\"@type\":\"ListItem\",\"position\":1,\"name\":\"Inicio\",\"item\":\"https:\/\/elalto.com.co\/\"},{\"@type\":\"ListItem\",\"position\":2,\"name\":\"Villa Antioque\u00f1a\"}]},{\"@type\":\"WebSite\",\"@id\":\"https:\/\/elalto.com.co\/#website\",\"url\":\"https:\/\/elalto.com.co\/\",\"name\":\"\",\"description\":\"\",\"potentialAction\":[{\"@type\":\"SearchAction\",\"target\":{\"@type\":\"EntryPoint\",\"urlTemplate\":\"https:\/\/elalto.com.co\/?s={search_term_string}\"},\"query-input\":{\"@type\":\"PropertyValueSpecification\",\"valueRequired\":true,\"valueName\":\"search_term_string\"}}],\"inLanguage\":\"en-US\"}]}<\/script>\n<!-- \/ Yoast SEO plugin. -->","yoast_head_json":{"title":"Sobre Nosotros - Hotel Villa Antioque\u00f1a \u2705","description":"Hotel Villa antioque\u00f1a cuenta con las habitaciones en Antioquia cerca del pe\u00f1ol para tener confort y una experiencia de descanso.","robots":{"index":"index","follow":"follow","max-snippet":"max-snippet:-1","max-image-preview":"max-image-preview:large","max-video-preview":"max-video-preview:-1"},"canonical":"https:\/\/elalto.com.co\/en\/sobre-nosotros\/","og_locale":"en_US","og_type":"article","og_title":"Sobre Nosotros - Hotel Villa Antioque\u00f1a \u2705","og_description":"Hotel Villa antioque\u00f1a cuenta con las habitaciones en Antioquia cerca del pe\u00f1ol para tener confort y una experiencia de descanso.","og_url":"https:\/\/elalto.com.co\/en\/sobre-nosotros\/","article_modified_time":"2025-03-22T01:02:41+00:00","og_image":[{"width":1536,"height":864,"url":"https:\/\/elalto.com.co\/wp-content\/uploads\/2025\/03\/IMG-20250319-WA0034-edited.jpg","type":"image\/jpeg"}],"twitter_card":"summary_large_image","twitter_misc":{"Est. reading time":"5 minutes"},"schema":{"@context":"https:\/\/schema.org","@graph":[{"@type":"WebPage","@id":"https:\/\/elalto.com.co\/sobre-nosotros\/","url":"https:\/\/elalto.com.co\/sobre-nosotros\/","name":"Sobre Nosotros - Hotel Villa Antioque\u00f1a \u2705","isPartOf":{"@id":"https:\/\/elalto.com.co\/#website"},"primaryImageOfPage":{"@id":"https:\/\/elalto.com.co\/sobre-nosotros\/#primaryimage"},"image":{"@id":"https:\/\/elalto.com.co\/sobre-nosotros\/#primaryimage"},"thumbnailUrl":"https:\/\/elalto.com.co\/wp-content\/uploads\/2025\/03\/IMG-20250319-WA0034-edited.jpg","datePublished":"2024-10-23T15:45:19+00:00","dateModified":"2025-03-22T01:02:41+00:00","description":"Hotel Villa antioque\u00f1a cuenta con las habitaciones en Antioquia cerca del pe\u00f1ol para tener confort y una experiencia de descanso.","breadcrumb":{"@id":"https:\/\/elalto.com.co\/sobre-nosotros\/#breadcrumb"},"inLanguage":"en-US","potentialAction":[{"@type":"ReadAction","target":["https:\/\/elalto.com.co\/sobre-nosotros\/"]}]},{"@type":"ImageObject","inLanguage":"en-US","@id":"https:\/\/elalto.com.co\/sobre-nosotros\/#primaryimage","url":"https:\/\/elalto.com.co\/wp-content\/uploads\/2025\/03\/IMG-20250319-WA0034-edited.jpg","contentUrl":"https:\/\/elalto.com.co\/wp-content\/uploads\/2025\/03\/IMG-20250319-WA0034-edited.jpg"},{"@type":"BreadcrumbList","@id":"https:\/\/elalto.com.co\/sobre-nosotros\/#breadcrumb","itemListElement":[{"@type":"ListItem","position":1,"name":"Inicio","item":"https:\/\/elalto.com.co\/"},{"@type":"ListItem","position":2,"name":"Villa Antioque\u00f1a"}]},{"@type":"WebSite","@id":"https:\/\/elalto.com.co\/#website","url":"https:\/\/elalto.com.co\/","name":"","description":"","potentialAction":[{"@type":"SearchAction","target":{"@type":"EntryPoint","urlTemplate":"https:\/\/elalto.com.co\/?s={search_term_string}"},"query-input":{"@type":"PropertyValueSpecification","valueRequired":true,"valueName":"search_term_string"}}],"inLanguage":"en-US"}]}},"_links":{"self":[{"href":"https:\/\/elalto.com.co\/en\/wp-json\/wp\/v2\/pages\/368","targetHints":{"allow":["GET"]}}],"collection":[{"href":"https:\/\/elalto.com.co\/en\/wp-json\/wp\/v2\/pages"}],"about":[{"href":"https:\/\/elalto.com.co\/en\/wp-json\/wp\/v2\/types\/page"}],"author":[{"embeddable":true,"href":"https:\/\/elalto.com.co\/en\/wp-json\/wp\/v2\/users\/1"}],"replies":[{"embeddable":true,"href":"https:\/\/elalto.com.co\/en\/wp-json\/wp\/v2\/comments?post=368"}],"version-history":[{"count":10,"href":"https:\/\/elalto.com.co\/en\/wp-json\/wp\/v2\/pages\/368\/revisions"}],"predecessor-version":[{"id":2096,"href":"https:\/\/elalto.com.co\/en\/wp-json\/wp\/v2\/pages\/368\/revisions\/2096"}],"wp:attachment":[{"href":"https:\/\/elalto.com.co\/en\/wp-json\/wp\/v2\/media?parent=368"}],"curies":[{"name":"wp","href":"https:\/\/api.w.org\/{rel}","templated":true}]}}