{"id":376,"date":"2024-10-23T15:45:19","date_gmt":"2024-10-23T15:45:19","guid":{"rendered":"http:\/\/elalto.com.co\/contact\/"},"modified":"2025-03-22T02:16:19","modified_gmt":"2025-03-22T02:16:19","slug":"contacto","status":"publish","type":"page","link":"https:\/\/elalto.com.co\/en\/contacto\/","title":{"rendered":"Contact"},"content":{"rendered":"<div data-elementor-type=\"wp-page\" data-elementor-id=\"376\" class=\"elementor elementor-376\">\n\t\t\t\t<div class=\"elementor-element elementor-element-6b8dea5 e-flex e-con-boxed e-con e-parent\" data-id=\"6b8dea5\" data-element_type=\"container\" data-e-type=\"container\">\n\t\t\t\t\t<div class=\"e-con-inner\">\n\t\t\t\t<div class=\"elementor-element elementor-element-47b64a1 elementor-widget elementor-widget-google_maps\" data-id=\"47b64a1\" data-element_type=\"widget\" data-e-type=\"widget\" data-widget_type=\"google_maps.default\">\n\t\t\t\t<div class=\"elementor-widget-container\">\n\t\t\t\t\t\t\t<div class=\"elementor-custom-embed\">\n\t\t\t<iframe loading=\"lazy\"\n\t\t\t\t\tsrc=\"https:\/\/maps.google.com\/maps?q=villa%20antioque%C3%B1a&#038;t=m&#038;z=10&#038;output=embed&#038;iwloc=near\"\n\t\t\t\t\ttitle=\"villa antioque\u00f1a\"\n\t\t\t\t\taria-label=\"villa antioque\u00f1a\"\n\t\t\t><\/iframe>\n\t\t<\/div>\n\t\t\t\t\t\t<\/div>\n\t\t\t\t<\/div>\n\t\t\t\t\t<\/div>\n\t\t\t\t<\/div>\n\t\t<div class=\"elementor-element elementor-element-be56130 e-flex e-con-boxed e-con e-parent\" data-id=\"be56130\" data-element_type=\"container\" data-e-type=\"container\">\n\t\t\t\t\t<div class=\"e-con-inner\">\n\t\t<div class=\"elementor-element elementor-element-9c16860 e-con-full e-flex e-con e-child\" data-id=\"9c16860\" data-element_type=\"container\" data-e-type=\"container\">\n\t\t\t\t<div class=\"elementor-element elementor-element-c7c5ac9 elementor-widget elementor-widget-heading\" data-id=\"c7c5ac9\" data-element_type=\"widget\" data-e-type=\"widget\" data-widget_type=\"heading.default\">\n\t\t\t\t<div class=\"elementor-widget-container\">\n\t\t\t\t\t<h2 class=\"elementor-heading-title elementor-size-default\">Contacto Villa Antioque\u00f1a<\/h2>\t\t\t\t<\/div>\n\t\t\t\t<\/div>\n\t\t\t\t<div class=\"elementor-element elementor-element-53a3409 elementor-widget elementor-widget-text-editor\" data-id=\"53a3409\" data-element_type=\"widget\" data-e-type=\"widget\" data-widget_type=\"text-editor.default\">\n\t\t\t\t<div class=\"elementor-widget-container\">\n\t\t\t\t\t\t\t\t\t<h2><b>Direcci\u00f3n:<\/b><\/h2><p><b> <\/b><a href=\"https:\/\/www.google.com\/maps\/place\/Villa+Antioque%C3%B1a\/@6.1936928,-75.2909334,17z\/data=!3m1!4b1!4m6!3m5!1s0x8e441d2b1f2af537:0x27a4362a1692866!8m2!3d6.1936875!4d-75.2860625!16s%2Fg%2F11wnn2k_rn?entry=ttu&amp;g_ep=EgoyMDI1MDMxMi4wIKXMDSoASAFQAw%3D%3D\">Km 7 Via Marinilla El Pe\u00f1ol, Alto del Chocho<\/a><\/p><p><\/p><h2 class=\"wp-block-heading\">Bookings<\/h2><p><\/p><p>+57 316 7382322<\/p><p><\/p><h2 class=\"wp-block-heading\">Customer service<\/h2><p><\/p><p>+57 316 9188274<\/p><h2>Correos:<\/h2><p><a href=\"mailto:contabilidad@elalto.com.co\">contabilidad@elalto.com.co<\/a><br \/><a href=\"mailto:info@elalto.com.co\">info@elalto.com.co<\/a><br \/><a href=\"mailto:reservas@elalto.com.co\">reservas@elalto.com.co<\/a><br \/><a href=\"mailto:eventos@elalto.com.co\">eventos@elalto.com.co<\/a><br \/><a href=\"mailto:servicioalcliente@elalto.com.co\">servicioalcliente@elalto.com.co<\/a><\/p><p><\/p>\t\t\t\t\t\t\t\t<\/div>\n\t\t\t\t<\/div>\n\t\t\t\t<\/div>\n\t\t<div class=\"elementor-element elementor-element-034e264 e-con-full e-flex e-con e-child\" data-id=\"034e264\" data-element_type=\"container\" data-e-type=\"container\">\n\t\t\t\t<div class=\"elementor-element elementor-element-69d87f7 elementor-widget elementor-widget-image\" data-id=\"69d87f7\" data-element_type=\"widget\" data-e-type=\"widget\" data-widget_type=\"image.default\">\n\t\t\t\t<div class=\"elementor-widget-container\">\n\t\t\t\t\t\t\t\t\t\t\t\t\t\t\t<img fetchpriority=\"high\" decoding=\"async\" width=\"950\" height=\"534\" src=\"https:\/\/elalto.com.co\/wp-content\/uploads\/2025\/03\/DSC_7185-edited-1024x576.jpg\" class=\"attachment-large size-large wp-image-1995\" alt=\"\" srcset=\"https:\/\/elalto.com.co\/wp-content\/uploads\/2025\/03\/DSC_7185-edited-1024x576.jpg 1024w, https:\/\/elalto.com.co\/wp-content\/uploads\/2025\/03\/DSC_7185-edited-300x169.jpg 300w, https:\/\/elalto.com.co\/wp-content\/uploads\/2025\/03\/DSC_7185-edited-2000x1125.jpg 2000w, https:\/\/elalto.com.co\/wp-content\/uploads\/2025\/03\/DSC_7185-edited-scaled-1536x864.jpg 1536w, https:\/\/elalto.com.co\/wp-content\/uploads\/2025\/03\/DSC_7185-edited-scaled-2048x1152.jpg 2048w, https:\/\/elalto.com.co\/wp-content\/uploads\/2025\/03\/DSC_7185-edited-scaled-600x338.jpg 600w, https:\/\/elalto.com.co\/wp-content\/uploads\/2025\/03\/DSC_7185-edited-scaled-18x10.jpg 18w\" sizes=\"100vw\" \/>\t\t\t\t\t\t\t\t\t\t\t\t\t\t\t<\/div>\n\t\t\t\t<\/div>\n\t\t\t\t<\/div>\n\t\t<div class=\"elementor-element elementor-element-b0e4f05 e-con-full e-flex e-con e-child\" data-id=\"b0e4f05\" data-element_type=\"container\" data-e-type=\"container\">\n\t\t\t\t<\/div>\n\t\t<div class=\"elementor-element elementor-element-3f39151 e-con-full e-flex e-con e-child\" data-id=\"3f39151\" data-element_type=\"container\" data-e-type=\"container\">\n\t\t\t\t<\/div>\n\t\t\t\t\t<\/div>\n\t\t\t\t<\/div>\n\t\t\t\t<\/div>","protected":false},"excerpt":{"rendered":"<p>Contacto Villa Antioque\u00f1a Direcci\u00f3n: Km 7 Via Marinilla El Pe\u00f1ol, Alto del Chocho Reservas +57 316 7382322 Servicio al Cliente +57 316 9188274 Correos: contabilidad@elalto.com.coinfo@elalto.com.coreservas@elalto.com.coeventos@elalto.com.coservicioalcliente@elalto.com.co<\/p>","protected":false},"author":1,"featured_media":0,"parent":0,"menu_order":0,"comment_status":"closed","ping_status":"closed","template":"","meta":{"footnotes":""},"class_list":["post-376","page","type-page","status-publish","hentry"],"yoast_head":"<!-- This site is optimized with the Yoast SEO plugin v24.6 - https:\/\/yoast.com\/wordpress\/plugins\/seo\/ -->\n<title>Contacto -<\/title>\n<meta name=\"description\" content=\"Te brindamos el contacto para el Hotel Villa Antioque\u00f1a\" \/>\n<meta name=\"robots\" content=\"index, follow, max-snippet:-1, max-image-preview:large, max-video-preview:-1\" \/>\n<link rel=\"canonical\" href=\"https:\/\/elalto.com.co\/en\/contacto\/\" \/>\n<meta property=\"og:locale\" content=\"en_US\" \/>\n<meta property=\"og:type\" content=\"article\" \/>\n<meta property=\"og:title\" content=\"Contacto -\" \/>\n<meta property=\"og:description\" content=\"Te brindamos el contacto para el Hotel Villa Antioque\u00f1a\" \/>\n<meta property=\"og:url\" content=\"https:\/\/elalto.com.co\/en\/contacto\/\" \/>\n<meta property=\"article:modified_time\" content=\"2025-03-22T02:16:19+00:00\" \/>\n<meta property=\"og:image\" content=\"https:\/\/elalto.com.co\/wp-content\/uploads\/2025\/03\/DSC_7185-edited-scaled.jpg\" \/>\n\t<meta property=\"og:image:width\" content=\"2560\" \/>\n\t<meta property=\"og:image:height\" content=\"1440\" \/>\n\t<meta property=\"og:image:type\" content=\"image\/jpeg\" \/>\n<meta name=\"twitter:card\" content=\"summary_large_image\" \/>\n<meta name=\"twitter:label1\" content=\"Est. reading time\" \/>\n\t<meta name=\"twitter:data1\" content=\"1 minute\" \/>\n<script type=\"application\/ld+json\" class=\"yoast-schema-graph\">{\"@context\":\"https:\/\/schema.org\",\"@graph\":[{\"@type\":\"WebPage\",\"@id\":\"https:\/\/elalto.com.co\/contacto\/\",\"url\":\"https:\/\/elalto.com.co\/contacto\/\",\"name\":\"Contacto -\",\"isPartOf\":{\"@id\":\"https:\/\/elalto.com.co\/#website\"},\"primaryImageOfPage\":{\"@id\":\"https:\/\/elalto.com.co\/contacto\/#primaryimage\"},\"image\":{\"@id\":\"https:\/\/elalto.com.co\/contacto\/#primaryimage\"},\"thumbnailUrl\":\"https:\/\/elalto.com.co\/wp-content\/uploads\/2025\/03\/DSC_7185-edited-1024x576.jpg\",\"datePublished\":\"2024-10-23T15:45:19+00:00\",\"dateModified\":\"2025-03-22T02:16:19+00:00\",\"description\":\"Te brindamos el contacto para el Hotel Villa Antioque\u00f1a\",\"breadcrumb\":{\"@id\":\"https:\/\/elalto.com.co\/contacto\/#breadcrumb\"},\"inLanguage\":\"en-US\",\"potentialAction\":[{\"@type\":\"ReadAction\",\"target\":[\"https:\/\/elalto.com.co\/contacto\/\"]}]},{\"@type\":\"ImageObject\",\"inLanguage\":\"en-US\",\"@id\":\"https:\/\/elalto.com.co\/contacto\/#primaryimage\",\"url\":\"https:\/\/elalto.com.co\/wp-content\/uploads\/2025\/03\/DSC_7185-edited-1024x576.jpg\",\"contentUrl\":\"https:\/\/elalto.com.co\/wp-content\/uploads\/2025\/03\/DSC_7185-edited-1024x576.jpg\"},{\"@type\":\"BreadcrumbList\",\"@id\":\"https:\/\/elalto.com.co\/contacto\/#breadcrumb\",\"itemListElement\":[{\"@type\":\"ListItem\",\"position\":1,\"name\":\"Inicio\",\"item\":\"https:\/\/elalto.com.co\/\"},{\"@type\":\"ListItem\",\"position\":2,\"name\":\"Contacto\"}]},{\"@type\":\"WebSite\",\"@id\":\"https:\/\/elalto.com.co\/#website\",\"url\":\"https:\/\/elalto.com.co\/\",\"name\":\"\",\"description\":\"\",\"potentialAction\":[{\"@type\":\"SearchAction\",\"target\":{\"@type\":\"EntryPoint\",\"urlTemplate\":\"https:\/\/elalto.com.co\/?s={search_term_string}\"},\"query-input\":{\"@type\":\"PropertyValueSpecification\",\"valueRequired\":true,\"valueName\":\"search_term_string\"}}],\"inLanguage\":\"en-US\"}]}<\/script>\n<!-- \/ Yoast SEO plugin. -->","yoast_head_json":{"title":"Contacto -","description":"Te brindamos el contacto para el Hotel Villa Antioque\u00f1a","robots":{"index":"index","follow":"follow","max-snippet":"max-snippet:-1","max-image-preview":"max-image-preview:large","max-video-preview":"max-video-preview:-1"},"canonical":"https:\/\/elalto.com.co\/en\/contacto\/","og_locale":"en_US","og_type":"article","og_title":"Contacto -","og_description":"Te brindamos el contacto para el Hotel Villa Antioque\u00f1a","og_url":"https:\/\/elalto.com.co\/en\/contacto\/","article_modified_time":"2025-03-22T02:16:19+00:00","og_image":[{"width":2560,"height":1440,"url":"https:\/\/elalto.com.co\/wp-content\/uploads\/2025\/03\/DSC_7185-edited-scaled.jpg","type":"image\/jpeg"}],"twitter_card":"summary_large_image","twitter_misc":{"Est. reading time":"1 minute"},"schema":{"@context":"https:\/\/schema.org","@graph":[{"@type":"WebPage","@id":"https:\/\/elalto.com.co\/contacto\/","url":"https:\/\/elalto.com.co\/contacto\/","name":"Contacto -","isPartOf":{"@id":"https:\/\/elalto.com.co\/#website"},"primaryImageOfPage":{"@id":"https:\/\/elalto.com.co\/contacto\/#primaryimage"},"image":{"@id":"https:\/\/elalto.com.co\/contacto\/#primaryimage"},"thumbnailUrl":"https:\/\/elalto.com.co\/wp-content\/uploads\/2025\/03\/DSC_7185-edited-1024x576.jpg","datePublished":"2024-10-23T15:45:19+00:00","dateModified":"2025-03-22T02:16:19+00:00","description":"Te brindamos el contacto para el Hotel Villa Antioque\u00f1a","breadcrumb":{"@id":"https:\/\/elalto.com.co\/contacto\/#breadcrumb"},"inLanguage":"en-US","potentialAction":[{"@type":"ReadAction","target":["https:\/\/elalto.com.co\/contacto\/"]}]},{"@type":"ImageObject","inLanguage":"en-US","@id":"https:\/\/elalto.com.co\/contacto\/#primaryimage","url":"https:\/\/elalto.com.co\/wp-content\/uploads\/2025\/03\/DSC_7185-edited-1024x576.jpg","contentUrl":"https:\/\/elalto.com.co\/wp-content\/uploads\/2025\/03\/DSC_7185-edited-1024x576.jpg"},{"@type":"BreadcrumbList","@id":"https:\/\/elalto.com.co\/contacto\/#breadcrumb","itemListElement":[{"@type":"ListItem","position":1,"name":"Inicio","item":"https:\/\/elalto.com.co\/"},{"@type":"ListItem","position":2,"name":"Contacto"}]},{"@type":"WebSite","@id":"https:\/\/elalto.com.co\/#website","url":"https:\/\/elalto.com.co\/","name":"","description":"","potentialAction":[{"@type":"SearchAction","target":{"@type":"EntryPoint","urlTemplate":"https:\/\/elalto.com.co\/?s={search_term_string}"},"query-input":{"@type":"PropertyValueSpecification","valueRequired":true,"valueName":"search_term_string"}}],"inLanguage":"en-US"}]}},"_links":{"self":[{"href":"https:\/\/elalto.com.co\/en\/wp-json\/wp\/v2\/pages\/376","targetHints":{"allow":["GET"]}}],"collection":[{"href":"https:\/\/elalto.com.co\/en\/wp-json\/wp\/v2\/pages"}],"about":[{"href":"https:\/\/elalto.com.co\/en\/wp-json\/wp\/v2\/types\/page"}],"author":[{"embeddable":true,"href":"https:\/\/elalto.com.co\/en\/wp-json\/wp\/v2\/users\/1"}],"replies":[{"embeddable":true,"href":"https:\/\/elalto.com.co\/en\/wp-json\/wp\/v2\/comments?post=376"}],"version-history":[{"count":19,"href":"https:\/\/elalto.com.co\/en\/wp-json\/wp\/v2\/pages\/376\/revisions"}],"predecessor-version":[{"id":2110,"href":"https:\/\/elalto.com.co\/en\/wp-json\/wp\/v2\/pages\/376\/revisions\/2110"}],"wp:attachment":[{"href":"https:\/\/elalto.com.co\/en\/wp-json\/wp\/v2\/media?parent=376"}],"curies":[{"name":"wp","href":"https:\/\/api.w.org\/{rel}","templated":true}]}}