{"id":2360,"date":"2025-03-26T14:55:31","date_gmt":"2025-03-26T14:55:31","guid":{"rendered":"https:\/\/elalto.com.co\/?post_type=product&#038;p=2360"},"modified":"2025-04-04T11:46:40","modified_gmt":"2025-04-04T11:46:40","slug":"habitacion-jerico-hotel-villa-antioquena","status":"publish","type":"product","link":"https:\/\/elalto.com.co\/en\/product\/habitacion-jerico-hotel-villa-antioquena\/","title":{"rendered":"Room Jericho \u2013 Hotel Villa Antioquia"},"content":{"rendered":"<h2>Room Marinilla \u2013 Hotel Villa Antioquia<\/h2>\n<p><iframe title=\"Habitaci\u00f3n Jeric\u00f3\" width=\"950\" height=\"534\" src=\"https:\/\/www.youtube.com\/embed\/8fvKIQOTbd4?feature=oembed\" frameborder=\"0\" allow=\"accelerometer; autoplay; clipboard-write; encrypted-media; gyroscope; picture-in-picture; web-share\" referrerpolicy=\"strict-origin-when-cross-origin\" allowfullscreen><\/iframe><\/p>\n<p>La Habitaci\u00f3n Marinilla del Hotel Villa Antioque\u00f1a ofrece una experiencia \u00fanica de descanso y conexi\u00f3n con la naturaleza. Dise\u00f1ada para brindar el m\u00e1ximo confort, esta acogedora habitaci\u00f3n se distingue por sus amplios ventanales que enmarcan vistas privilegiadas hacia los exuberantes jardines tropicales del hotel.<\/p>","protected":false},"excerpt":{"rendered":"<p>Elige cada uno de los d\u00edas que quieres estar y la cantidad de personas.<\/p>\n<p>Te esperamos con los brazos abiertos, escribenos a Whatsapp si tienes alguna duda. Un abrazo, te esperamos.<\/p>\n<p>Habitaci\u00f3n para <strong>2 personas<\/strong><\/p>\n<p>Capacidad M\u00e1xima<strong> 4 Personas<\/strong><\/p>\n<p><strong>Condiciones:\u00a0<\/strong><br \/>\nNi\u00f1os mayores de 3 a\u00f1os, cuentan en el Check-in<\/p>\n<p>Cada persona adicional cancela $ 120.000<\/p>\n<p>Dise\u00f1ada para brindar el m\u00e1ximo confort, esta acogedora habitaci\u00f3n se distingue por sus amplios ventanales que enmarcan vistas privilegiadas hacia los exuberantes jardines tropicales del hotel.<\/p>","protected":false},"featured_media":2371,"comment_status":"open","ping_status":"closed","template":"","meta":[],"product_brand":[],"product_cat":[48,20],"product_tag":[],"mwb_booking_cost":[],"mwb_booking_service":[],"class_list":{"0":"post-2360","1":"product","2":"type-product","3":"status-publish","4":"has-post-thumbnail","6":"product_cat-booking","7":"product_cat-habitaciones","8":"pa_cantidad-22","9":"pa_cantidad-23","10":"pa_cantidad-24","11":"pa_cantidad-25","12":"pa_ninos-1n","13":"pa_ninos-2n","15":"first","16":"instock","17":"virtual","18":"sold-individually","19":"purchasable","20":"product-type-mwb_booking"},"yoast_head":"<!-- This site is optimized with the Yoast SEO plugin v24.6 - https:\/\/yoast.com\/wordpress\/plugins\/seo\/ -->\n<title>Reserva Ya Habitaci\u00f3n Jeric\u00f3 - Hotel Villa Antioque\u00f1a \u2705<\/title>\n<meta name=\"description\" content=\"Dise\u00f1ada para brindar el m\u00e1ximo confort, esta acogedora habitaci\u00f3n se distingue por sus amplios ventanales que enmarcan vistas privilegiadas hacia los exuberantes jardines tropicales del hotel.\" \/>\n<meta name=\"robots\" content=\"index, follow, max-snippet:-1, max-image-preview:large, max-video-preview:-1\" \/>\n<link rel=\"canonical\" href=\"https:\/\/elalto.com.co\/en\/product\/habitacion-jerico-hotel-villa-antioquena\/\" \/>\n<meta property=\"og:locale\" content=\"en_US\" \/>\n<meta property=\"og:type\" content=\"article\" \/>\n<meta property=\"og:title\" content=\"Reserva Ya Habitaci\u00f3n Jeric\u00f3 - Hotel Villa Antioque\u00f1a \u2705\" \/>\n<meta property=\"og:description\" content=\"Dise\u00f1ada para brindar el m\u00e1ximo confort, esta acogedora habitaci\u00f3n se distingue por sus amplios ventanales que enmarcan vistas privilegiadas hacia los exuberantes jardines tropicales del hotel.\" \/>\n<meta property=\"og:url\" content=\"https:\/\/elalto.com.co\/en\/product\/habitacion-jerico-hotel-villa-antioquena\/\" \/>\n<meta property=\"article:modified_time\" content=\"2025-04-04T11:46:40+00:00\" \/>\n<meta property=\"og:image\" content=\"https:\/\/elalto.com.co\/wp-content\/uploads\/2025\/03\/DSC_7142-scaled.jpg\" \/>\n\t<meta property=\"og:image:width\" content=\"2560\" \/>\n\t<meta property=\"og:image:height\" content=\"1696\" \/>\n\t<meta property=\"og:image:type\" content=\"image\/jpeg\" \/>\n<meta name=\"twitter:card\" content=\"summary_large_image\" \/>\n<meta name=\"twitter:label1\" content=\"Est. reading time\" \/>\n\t<meta name=\"twitter:data1\" content=\"1 minute\" \/>\n<script type=\"application\/ld+json\" class=\"yoast-schema-graph\">{\"@context\":\"https:\/\/schema.org\",\"@graph\":[{\"@type\":\"WebPage\",\"@id\":\"https:\/\/elalto.com.co\/producto\/habitacion-jerico-hotel-villa-antioquena\/\",\"url\":\"https:\/\/elalto.com.co\/producto\/habitacion-jerico-hotel-villa-antioquena\/\",\"name\":\"Reserva Ya Habitaci\u00f3n Jeric\u00f3 - Hotel Villa Antioque\u00f1a \u2705\",\"isPartOf\":{\"@id\":\"https:\/\/elalto.com.co\/#website\"},\"primaryImageOfPage\":{\"@id\":\"https:\/\/elalto.com.co\/producto\/habitacion-jerico-hotel-villa-antioquena\/#primaryimage\"},\"image\":{\"@id\":\"https:\/\/elalto.com.co\/producto\/habitacion-jerico-hotel-villa-antioquena\/#primaryimage\"},\"thumbnailUrl\":\"https:\/\/elalto.com.co\/wp-content\/uploads\/2025\/03\/DSC_7142-scaled.jpg\",\"datePublished\":\"2025-03-26T14:55:31+00:00\",\"dateModified\":\"2025-04-04T11:46:40+00:00\",\"description\":\"Dise\u00f1ada para brindar el m\u00e1ximo confort, esta acogedora habitaci\u00f3n se distingue por sus amplios ventanales que enmarcan vistas privilegiadas hacia los exuberantes jardines tropicales del hotel.\",\"breadcrumb\":{\"@id\":\"https:\/\/elalto.com.co\/producto\/habitacion-jerico-hotel-villa-antioquena\/#breadcrumb\"},\"inLanguage\":\"en-US\",\"potentialAction\":[{\"@type\":\"ReadAction\",\"target\":[\"https:\/\/elalto.com.co\/producto\/habitacion-jerico-hotel-villa-antioquena\/\"]}]},{\"@type\":\"ImageObject\",\"inLanguage\":\"en-US\",\"@id\":\"https:\/\/elalto.com.co\/producto\/habitacion-jerico-hotel-villa-antioquena\/#primaryimage\",\"url\":\"https:\/\/elalto.com.co\/wp-content\/uploads\/2025\/03\/DSC_7142-scaled.jpg\",\"contentUrl\":\"https:\/\/elalto.com.co\/wp-content\/uploads\/2025\/03\/DSC_7142-scaled.jpg\",\"width\":2560,\"height\":1696},{\"@type\":\"BreadcrumbList\",\"@id\":\"https:\/\/elalto.com.co\/producto\/habitacion-jerico-hotel-villa-antioquena\/#breadcrumb\",\"itemListElement\":[{\"@type\":\"ListItem\",\"position\":1,\"name\":\"Inicio\",\"item\":\"https:\/\/elalto.com.co\/\"},{\"@type\":\"ListItem\",\"position\":2,\"name\":\"Reservar\",\"item\":\"https:\/\/elalto.com.co\/reservar\/\"},{\"@type\":\"ListItem\",\"position\":3,\"name\":\"Habitaci\u00f3n Jeric\u00f3 &#8211; Hotel Villa Antioque\u00f1a\"}]},{\"@type\":\"WebSite\",\"@id\":\"https:\/\/elalto.com.co\/#website\",\"url\":\"https:\/\/elalto.com.co\/\",\"name\":\"\",\"description\":\"\",\"potentialAction\":[{\"@type\":\"SearchAction\",\"target\":{\"@type\":\"EntryPoint\",\"urlTemplate\":\"https:\/\/elalto.com.co\/?s={search_term_string}\"},\"query-input\":{\"@type\":\"PropertyValueSpecification\",\"valueRequired\":true,\"valueName\":\"search_term_string\"}}],\"inLanguage\":\"en-US\"}]}<\/script>\n<!-- \/ Yoast SEO plugin. -->","yoast_head_json":{"title":"Reserva Ya Habitaci\u00f3n Jeric\u00f3 - Hotel Villa Antioque\u00f1a \u2705","description":"Dise\u00f1ada para brindar el m\u00e1ximo confort, esta acogedora habitaci\u00f3n se distingue por sus amplios ventanales que enmarcan vistas privilegiadas hacia los exuberantes jardines tropicales del hotel.","robots":{"index":"index","follow":"follow","max-snippet":"max-snippet:-1","max-image-preview":"max-image-preview:large","max-video-preview":"max-video-preview:-1"},"canonical":"https:\/\/elalto.com.co\/en\/product\/habitacion-jerico-hotel-villa-antioquena\/","og_locale":"en_US","og_type":"article","og_title":"Reserva Ya Habitaci\u00f3n Jeric\u00f3 - Hotel Villa Antioque\u00f1a \u2705","og_description":"Dise\u00f1ada para brindar el m\u00e1ximo confort, esta acogedora habitaci\u00f3n se distingue por sus amplios ventanales que enmarcan vistas privilegiadas hacia los exuberantes jardines tropicales del hotel.","og_url":"https:\/\/elalto.com.co\/en\/product\/habitacion-jerico-hotel-villa-antioquena\/","article_modified_time":"2025-04-04T11:46:40+00:00","og_image":[{"width":2560,"height":1696,"url":"https:\/\/elalto.com.co\/wp-content\/uploads\/2025\/03\/DSC_7142-scaled.jpg","type":"image\/jpeg"}],"twitter_card":"summary_large_image","twitter_misc":{"Est. reading time":"1 minute"},"schema":{"@context":"https:\/\/schema.org","@graph":[{"@type":"WebPage","@id":"https:\/\/elalto.com.co\/producto\/habitacion-jerico-hotel-villa-antioquena\/","url":"https:\/\/elalto.com.co\/producto\/habitacion-jerico-hotel-villa-antioquena\/","name":"Reserva Ya Habitaci\u00f3n Jeric\u00f3 - Hotel Villa Antioque\u00f1a \u2705","isPartOf":{"@id":"https:\/\/elalto.com.co\/#website"},"primaryImageOfPage":{"@id":"https:\/\/elalto.com.co\/producto\/habitacion-jerico-hotel-villa-antioquena\/#primaryimage"},"image":{"@id":"https:\/\/elalto.com.co\/producto\/habitacion-jerico-hotel-villa-antioquena\/#primaryimage"},"thumbnailUrl":"https:\/\/elalto.com.co\/wp-content\/uploads\/2025\/03\/DSC_7142-scaled.jpg","datePublished":"2025-03-26T14:55:31+00:00","dateModified":"2025-04-04T11:46:40+00:00","description":"Dise\u00f1ada para brindar el m\u00e1ximo confort, esta acogedora habitaci\u00f3n se distingue por sus amplios ventanales que enmarcan vistas privilegiadas hacia los exuberantes jardines tropicales del hotel.","breadcrumb":{"@id":"https:\/\/elalto.com.co\/producto\/habitacion-jerico-hotel-villa-antioquena\/#breadcrumb"},"inLanguage":"en-US","potentialAction":[{"@type":"ReadAction","target":["https:\/\/elalto.com.co\/producto\/habitacion-jerico-hotel-villa-antioquena\/"]}]},{"@type":"ImageObject","inLanguage":"en-US","@id":"https:\/\/elalto.com.co\/producto\/habitacion-jerico-hotel-villa-antioquena\/#primaryimage","url":"https:\/\/elalto.com.co\/wp-content\/uploads\/2025\/03\/DSC_7142-scaled.jpg","contentUrl":"https:\/\/elalto.com.co\/wp-content\/uploads\/2025\/03\/DSC_7142-scaled.jpg","width":2560,"height":1696},{"@type":"BreadcrumbList","@id":"https:\/\/elalto.com.co\/producto\/habitacion-jerico-hotel-villa-antioquena\/#breadcrumb","itemListElement":[{"@type":"ListItem","position":1,"name":"Inicio","item":"https:\/\/elalto.com.co\/"},{"@type":"ListItem","position":2,"name":"Reservar","item":"https:\/\/elalto.com.co\/reservar\/"},{"@type":"ListItem","position":3,"name":"Habitaci\u00f3n Jeric\u00f3 &#8211; Hotel Villa Antioque\u00f1a"}]},{"@type":"WebSite","@id":"https:\/\/elalto.com.co\/#website","url":"https:\/\/elalto.com.co\/","name":"","description":"","potentialAction":[{"@type":"SearchAction","target":{"@type":"EntryPoint","urlTemplate":"https:\/\/elalto.com.co\/?s={search_term_string}"},"query-input":{"@type":"PropertyValueSpecification","valueRequired":true,"valueName":"search_term_string"}}],"inLanguage":"en-US"}]}},"_links":{"self":[{"href":"https:\/\/elalto.com.co\/en\/wp-json\/wp\/v2\/product\/2360","targetHints":{"allow":["GET"]}}],"collection":[{"href":"https:\/\/elalto.com.co\/en\/wp-json\/wp\/v2\/product"}],"about":[{"href":"https:\/\/elalto.com.co\/en\/wp-json\/wp\/v2\/types\/product"}],"replies":[{"embeddable":true,"href":"https:\/\/elalto.com.co\/en\/wp-json\/wp\/v2\/comments?post=2360"}],"wp:featuredmedia":[{"embeddable":true,"href":"https:\/\/elalto.com.co\/en\/wp-json\/wp\/v2\/media\/2371"}],"wp:attachment":[{"href":"https:\/\/elalto.com.co\/en\/wp-json\/wp\/v2\/media?parent=2360"}],"wp:term":[{"taxonomy":"product_brand","embeddable":true,"href":"https:\/\/elalto.com.co\/en\/wp-json\/wp\/v2\/product_brand?post=2360"},{"taxonomy":"product_cat","embeddable":true,"href":"https:\/\/elalto.com.co\/en\/wp-json\/wp\/v2\/product_cat?post=2360"},{"taxonomy":"product_tag","embeddable":true,"href":"https:\/\/elalto.com.co\/en\/wp-json\/wp\/v2\/product_tag?post=2360"},{"taxonomy":"mwb_booking_cost","embeddable":true,"href":"https:\/\/elalto.com.co\/en\/wp-json\/wp\/v2\/mwb_booking_cost?post=2360"},{"taxonomy":"mwb_booking_service","embeddable":true,"href":"https:\/\/elalto.com.co\/en\/wp-json\/wp\/v2\/mwb_booking_service?post=2360"}],"curies":[{"name":"wp","href":"https:\/\/api.w.org\/{rel}","templated":true}]}}